{"id":16078,"date":"2017-11-05T17:50:59","date_gmt":"2017-11-05T16:50:59","guid":{"rendered":"https:\/\/baukind.de\/impressum\/"},"modified":"2022-12-22T22:18:27","modified_gmt":"2022-12-22T21:18:27","slug":"imprint","status":"publish","type":"page","link":"https:\/\/baukind.de\/en\/imprint\/","title":{"rendered":"IMPRINT"},"content":{"rendered":"<h3>Angaben gem\u00e4\u00df \u00a7 5 TMG<\/h3>\n<div class=\"entry-content\">\n<div class=\"entry-content\">\n<p>baukind GmbH<\/p>\n<p>K\u00f6penicker Chaussee 4<br \/>\n10317 Berlin<\/p>\n<h3>Vertreten durch<\/h3>\n<p>Nathalie Dziobek-Bepler<\/p>\n<h3>Kontakt<\/h3>\n<p>K\u00f6penicker Chaussee 4<br \/>\n10317 Berlin<\/p>\n<p>Telefon\u00a0 +49 030 9562 4294<br \/>\nE-Mail\u00a0 post@baukind.de<\/p>\n<h3>Register<\/h3>\n<p>Registergericht: Amtsgericht Charlottenburg<br \/>\nRegisternummer: HRB 144520<\/p>\n<h3>Umsatzsteuer-ID<\/h3>\n<p>Umsatzsteuer-Identifikationsnummer gem\u00e4\u00df \u00a727 a Umsatzsteuergesetz: DE 284 958 307<\/p>\n<h3>Verantwortlich f\u00fcr den Inhalt nach \u00a7 55 Abs. 2 RStV<\/h3>\n<p>Nathalie Dziobek-Bepler<br \/>\nbaukind GmbH<br \/>\nK\u00f6penicker Chaussee 4<br \/>\n10317 Berlin<\/p>\n<hr \/>\n<h3>Fotografie<\/h3>\n<p>\u00a9 Anne Deppe | \u00a9 Udo Meinel | \u00a9 Marcus Ebener | \u00a9 Werner Huthmacher | \u00a9 Burkhard Voiges | \u00a9 Jochen Stober\u00a0| \u00a9 HEJM\u00a0| \u00a9 Boris Breuer | \u00a9 Julia Hafenscher | \u00a9 Rita M\u00e4rzinger | \u00a9 Stefan Specht | @ Kirsten Bucher<\/p>\n<h3>Webdesign<\/h3>\n<p>REBAN | Rea Naber | reanaber.de<\/p>\n<h3>Copyright by baukind GmbH<br \/>\nAlle Rechte vorbehalten. All rights reserved.<\/h3>\n<\/div>\n<hr \/>\n<h3 class=\"entry-content\">Haftungsausschluss (Disclaimer)<\/h3>\n<h4>Haftung f\u00fcr Inhalte<\/h4>\n<p class=\"entry-content\">Als Diensteanbieter sind wir gem\u00e4\u00df \u00a7 7 Abs.1 TMG f\u00fcr eigene Inhalte auf diesen Seiten nach den allgemeinen\u00a0Gesetzen verantwortlich. Nach \u00a7\u00a7 8 bis 10 TMG sind wir als Diensteanbieter jedoch nicht verpflichtet,\u00a0\u00fcbermittelte oder gespeicherte fremde Informationen zu \u00fcberwachen oder nach Umst\u00e4nden zu forschen, die auf\u00a0eine rechtswidrige T\u00e4tigkeit hinweisen.<\/p>\n<p class=\"entry-content\">Verpflichtungen zur Entfernung oder Sperrung der Nutzung von Informationen nach den allgemeinen Gesetzen\u00a0bleiben hiervon unber\u00fchrt. Eine diesbez\u00fcgliche Haftung ist jedoch erst ab dem Zeitpunkt der Kenntnis einer\u00a0konkreten Rechtsverletzung m\u00f6glich. Bei Bekanntwerden von entsprechenden Rechtsverletzungen werden wir\u00a0diese Inhalte umgehend entfernen.<\/p>\n<h4>Haftung f\u00fcr Links<\/h4>\n<p>Unser Angebot enth\u00e4lt Links zu externen Webseiten Dritter, auf deren Inhalte wir keinen Einfluss haben. Deshalb k\u00f6nnen wir f\u00fcr diese fremden Inhalte auch keine Gew\u00e4hr \u00fcbernehmen. F\u00fcr die Inhalte der verlinkten Seiten ist stets der jeweilige Anbieter oder Betreiber der Seiten verantwortlich. Die verlinkten Seiten wurden zum Zeitpunkt der Verlinkung auf m\u00f6gliche Rechtsverst\u00f6\u00dfe \u00fcberpr\u00fcft. Rechtswidrige Inhalte waren zum Zeitpunkt der Verlinkung nicht erkennbar.<\/p>\n<p>Eine permanente inhaltliche Kontrolle der verlinkten Seiten ist jedoch ohne konkrete Anhaltspunkte einer Rechtsverletzung nicht zumutbar. Bei Bekanntwerden von Rechtsverletzungen werden wir derartige Links umgehend entfernen.<\/p>\n<h4>Urheberrecht<\/h4>\n<p>Die durch die Seitenbetreiber erstellten Inhalte und Werke auf diesen Seiten unterliegen dem deutschen Urheberrecht. Die Vervielf\u00e4ltigung, Bearbeitung, Verbreitung und jede Art der Verwertung au\u00dferhalb der Grenzen des Urheberrechtes bed\u00fcrfen der schriftlichen Zustimmung des jeweiligen Autors bzw. Erstellers. Downloads und Kopien dieser Seite sind nur f\u00fcr den privaten, nicht kommerziellen Gebrauch gestattet. Soweit die Inhalte auf dieser Seite nicht vom Betreiber erstellt wurden, werden die Urheberrechte Dritter beachtet. Insbesondere werden Inhalte Dritter als solche gekennzeichnet. Sollten Sie trotzdem auf eine Urheberrechtsverletzung aufmerksam werden, bitten wir um einen entsprechenden Hinweis. Bei Bekanntwerden von Rechtsverletzungen werden wir derartige Inhalte umgehend entfernen.<\/p>\n<\/div>\n","protected":false},"excerpt":{"rendered":"<p>Angaben gem\u00e4\u00df \u00a7 5 TMG baukind GmbH K\u00f6penicker Chaussee 4  [&#8230;]<\/p>\n","protected":false},"author":1,"featured_media":0,"parent":0,"menu_order":8,"comment_status":"closed","ping_status":"closed","template":"","meta":{"_exactmetrics_skip_tracking":false,"_exactmetrics_sitenote_active":false,"_exactmetrics_sitenote_note":"","_exactmetrics_sitenote_category":0,"footnotes":""},"class_list":["post-16078","page","type-page","status-publish","hentry"],"yoast_head":"<!-- This site is optimized with the Yoast SEO plugin v27.2 - https:\/\/yoast.com\/product\/yoast-seo-wordpress\/ -->\n<title>IMPRINT &#8212; baukind Architekten<\/title>\n<meta name=\"description\" content=\"baukind UG \u2013 Architektur f\u00fcr Kinder\" \/>\n<meta name=\"robots\" content=\"noindex, follow\" \/>\n<meta property=\"og:locale\" content=\"en_US\" \/>\n<meta property=\"og:type\" content=\"article\" \/>\n<meta property=\"og:title\" content=\"IMPRINT &#8212; baukind Architekten\" \/>\n<meta property=\"og:description\" content=\"baukind UG \u2013 Architektur f\u00fcr Kinder\" \/>\n<meta property=\"og:url\" content=\"https:\/\/baukind.de\/en\/imprint\/\" \/>\n<meta property=\"og:site_name\" content=\"baukind Architekten\" \/>\n<meta property=\"article:publisher\" content=\"https:\/\/www.facebook.com\/baukindarchitekten\/\" \/>\n<meta property=\"article:modified_time\" content=\"2022-12-22T21:18:27+00:00\" \/>\n<meta name=\"twitter:card\" content=\"summary_large_image\" \/>\n<meta name=\"twitter:label1\" content=\"Est. reading time\" \/>\n\t<meta name=\"twitter:data1\" content=\"2 minutes\" \/>\n<script type=\"application\/ld+json\" class=\"yoast-schema-graph\">{\"@context\":\"https:\/\/schema.org\",\"@graph\":[{\"@type\":\"WebPage\",\"@id\":\"https:\/\/baukind.de\/en\/imprint\/\",\"url\":\"https:\/\/baukind.de\/en\/imprint\/\",\"name\":\"IMPRINT &#8212; baukind Architekten\",\"isPartOf\":{\"@id\":\"https:\/\/baukind.de\/en\/#website\"},\"datePublished\":\"2017-11-05T16:50:59+00:00\",\"dateModified\":\"2022-12-22T21:18:27+00:00\",\"description\":\"baukind UG \u2013 Architektur f\u00fcr Kinder\",\"breadcrumb\":{\"@id\":\"https:\/\/baukind.de\/en\/imprint\/#breadcrumb\"},\"inLanguage\":\"en-US\",\"potentialAction\":[{\"@type\":\"ReadAction\",\"target\":[\"https:\/\/baukind.de\/en\/imprint\/\"]}]},{\"@type\":\"BreadcrumbList\",\"@id\":\"https:\/\/baukind.de\/en\/imprint\/#breadcrumb\",\"itemListElement\":[{\"@type\":\"ListItem\",\"position\":1,\"name\":\"home\",\"item\":\"https:\/\/baukind.de\/en\/\"},{\"@type\":\"ListItem\",\"position\":2,\"name\":\"IMPRINT\"}]},{\"@type\":\"WebSite\",\"@id\":\"https:\/\/baukind.de\/en\/#website\",\"url\":\"https:\/\/baukind.de\/en\/\",\"name\":\"baukind Architekten\",\"description\":\"Architektur f\u00fcr Kinder\",\"publisher\":{\"@id\":\"https:\/\/baukind.de\/en\/#organization\"},\"potentialAction\":[{\"@type\":\"SearchAction\",\"target\":{\"@type\":\"EntryPoint\",\"urlTemplate\":\"https:\/\/baukind.de\/en\/?s={search_term_string}\"},\"query-input\":{\"@type\":\"PropertyValueSpecification\",\"valueRequired\":true,\"valueName\":\"search_term_string\"}}],\"inLanguage\":\"en-US\"},{\"@type\":\"Organization\",\"@id\":\"https:\/\/baukind.de\/en\/#organization\",\"name\":\"baukind UG\",\"url\":\"https:\/\/baukind.de\/en\/\",\"logo\":{\"@type\":\"ImageObject\",\"inLanguage\":\"en-US\",\"@id\":\"https:\/\/baukind.de\/en\/#\/schema\/logo\/image\/\",\"url\":\"https:\/\/baukind.de\/wp-content\/uploads\/2016\/11\/LOGO_baukind_breite211px.png\",\"contentUrl\":\"https:\/\/baukind.de\/wp-content\/uploads\/2016\/11\/LOGO_baukind_breite211px.png\",\"width\":211,\"height\":57,\"caption\":\"baukind UG\"},\"image\":{\"@id\":\"https:\/\/baukind.de\/en\/#\/schema\/logo\/image\/\"},\"sameAs\":[\"https:\/\/www.facebook.com\/baukindarchitekten\/\",\"https:\/\/www.instagram.com\/baukind_architekten\/\"]}]}<\/script>\n<!-- \/ Yoast SEO plugin. -->","yoast_head_json":{"title":"IMPRINT &#8212; baukind Architekten","description":"baukind UG \u2013 Architektur f\u00fcr Kinder","robots":{"index":"noindex","follow":"follow"},"og_locale":"en_US","og_type":"article","og_title":"IMPRINT &#8212; baukind Architekten","og_description":"baukind UG \u2013 Architektur f\u00fcr Kinder","og_url":"https:\/\/baukind.de\/en\/imprint\/","og_site_name":"baukind Architekten","article_publisher":"https:\/\/www.facebook.com\/baukindarchitekten\/","article_modified_time":"2022-12-22T21:18:27+00:00","twitter_card":"summary_large_image","twitter_misc":{"Est. reading time":"2 minutes"},"schema":{"@context":"https:\/\/schema.org","@graph":[{"@type":"WebPage","@id":"https:\/\/baukind.de\/en\/imprint\/","url":"https:\/\/baukind.de\/en\/imprint\/","name":"IMPRINT &#8212; baukind Architekten","isPartOf":{"@id":"https:\/\/baukind.de\/en\/#website"},"datePublished":"2017-11-05T16:50:59+00:00","dateModified":"2022-12-22T21:18:27+00:00","description":"baukind UG \u2013 Architektur f\u00fcr Kinder","breadcrumb":{"@id":"https:\/\/baukind.de\/en\/imprint\/#breadcrumb"},"inLanguage":"en-US","potentialAction":[{"@type":"ReadAction","target":["https:\/\/baukind.de\/en\/imprint\/"]}]},{"@type":"BreadcrumbList","@id":"https:\/\/baukind.de\/en\/imprint\/#breadcrumb","itemListElement":[{"@type":"ListItem","position":1,"name":"home","item":"https:\/\/baukind.de\/en\/"},{"@type":"ListItem","position":2,"name":"IMPRINT"}]},{"@type":"WebSite","@id":"https:\/\/baukind.de\/en\/#website","url":"https:\/\/baukind.de\/en\/","name":"baukind Architekten","description":"Architektur f\u00fcr Kinder","publisher":{"@id":"https:\/\/baukind.de\/en\/#organization"},"potentialAction":[{"@type":"SearchAction","target":{"@type":"EntryPoint","urlTemplate":"https:\/\/baukind.de\/en\/?s={search_term_string}"},"query-input":{"@type":"PropertyValueSpecification","valueRequired":true,"valueName":"search_term_string"}}],"inLanguage":"en-US"},{"@type":"Organization","@id":"https:\/\/baukind.de\/en\/#organization","name":"baukind UG","url":"https:\/\/baukind.de\/en\/","logo":{"@type":"ImageObject","inLanguage":"en-US","@id":"https:\/\/baukind.de\/en\/#\/schema\/logo\/image\/","url":"https:\/\/baukind.de\/wp-content\/uploads\/2016\/11\/LOGO_baukind_breite211px.png","contentUrl":"https:\/\/baukind.de\/wp-content\/uploads\/2016\/11\/LOGO_baukind_breite211px.png","width":211,"height":57,"caption":"baukind UG"},"image":{"@id":"https:\/\/baukind.de\/en\/#\/schema\/logo\/image\/"},"sameAs":["https:\/\/www.facebook.com\/baukindarchitekten\/","https:\/\/www.instagram.com\/baukind_architekten\/"]}]}},"_links":{"self":[{"href":"https:\/\/baukind.de\/en\/wp-json\/wp\/v2\/pages\/16078","targetHints":{"allow":["GET"]}}],"collection":[{"href":"https:\/\/baukind.de\/en\/wp-json\/wp\/v2\/pages"}],"about":[{"href":"https:\/\/baukind.de\/en\/wp-json\/wp\/v2\/types\/page"}],"author":[{"embeddable":true,"href":"https:\/\/baukind.de\/en\/wp-json\/wp\/v2\/users\/1"}],"replies":[{"embeddable":true,"href":"https:\/\/baukind.de\/en\/wp-json\/wp\/v2\/comments?post=16078"}],"version-history":[{"count":3,"href":"https:\/\/baukind.de\/en\/wp-json\/wp\/v2\/pages\/16078\/revisions"}],"predecessor-version":[{"id":16203,"href":"https:\/\/baukind.de\/en\/wp-json\/wp\/v2\/pages\/16078\/revisions\/16203"}],"wp:attachment":[{"href":"https:\/\/baukind.de\/en\/wp-json\/wp\/v2\/media?parent=16078"}],"curies":[{"name":"wp","href":"https:\/\/api.w.org\/{rel}","templated":true}]}}